{"id":23,"date":"2024-05-20T03:45:10","date_gmt":"2024-05-20T03:45:10","guid":{"rendered":"https:\/\/www.pachamamacuscoexplorer.com\/?page_id=23"},"modified":"2024-05-31T06:45:50","modified_gmt":"2024-05-31T06:45:50","slug":"nosotros","status":"publish","type":"page","link":"https:\/\/www.pachamamacuscoexplorer.com\/en\/nosotros\/","title":{"rendered":"Us"},"content":{"rendered":"<div data-elementor-type=\"wp-page\" data-elementor-id=\"23\" class=\"elementor elementor-23\" data-elementor-post-type=\"page\">\n\t\t\t\t<div class=\"elementor-element elementor-element-8decc5b e-flex e-con-boxed e-con e-parent\" data-id=\"8decc5b\" data-element_type=\"container\" data-settings=\"{&quot;background_background&quot;:&quot;classic&quot;}\">\n\t\t\t\t\t<div class=\"e-con-inner\">\n\t\t<div class=\"elementor-element elementor-element-de688ba e-con-full e-flex e-con e-child\" data-id=\"de688ba\" data-element_type=\"container\">\n\t\t\t\t<div class=\"elementor-element elementor-element-bbc0328 elementor-widget elementor-widget-image\" data-id=\"bbc0328\" data-element_type=\"widget\" data-widget_type=\"image.default\">\n\t\t\t\t<div class=\"elementor-widget-container\">\n\t\t\t\t\t\t\t\t\t\t\t\t\t\t\t<img fetchpriority=\"high\" decoding=\"async\" width=\"300\" height=\"267\" src=\"https:\/\/www.pachamamacuscoexplorer.com\/wp-content\/uploads\/2024\/05\/blank-pachamama-300x267.png\" class=\"attachment-medium size-medium wp-image-494\" alt=\"blank pachamama cusco explorers\" srcset=\"https:\/\/www.pachamamacuscoexplorer.com\/wp-content\/uploads\/2024\/05\/blank-pachamama-300x267.png 300w, https:\/\/www.pachamamacuscoexplorer.com\/wp-content\/uploads\/2024\/05\/blank-pachamama-768x683.png 768w, https:\/\/www.pachamamacuscoexplorer.com\/wp-content\/uploads\/2024\/05\/blank-pachamama-14x12.png 14w, https:\/\/www.pachamamacuscoexplorer.com\/wp-content\/uploads\/2024\/05\/blank-pachamama.png 962w\" sizes=\"(max-width: 300px) 100vw, 300px\" \/>\t\t\t\t\t\t\t\t\t\t\t\t\t\t\t<\/div>\n\t\t\t\t<\/div>\n\t\t\t\t<\/div>\n\t\t<div class=\"elementor-element elementor-element-aac4c8d e-con-full e-flex e-con e-child\" data-id=\"aac4c8d\" data-element_type=\"container\">\n\t\t\t\t<div class=\"elementor-element elementor-element-72d7b20 elementor-widget-divider--view-line elementor-widget elementor-widget-divider\" data-id=\"72d7b20\" data-element_type=\"widget\" data-widget_type=\"divider.default\">\n\t\t\t\t<div class=\"elementor-widget-container\">\n\t\t\t\t\t\t\t<div class=\"elementor-divider\">\n\t\t\t<span class=\"elementor-divider-separator\">\n\t\t\t\t\t\t<\/span>\n\t\t<\/div>\n\t\t\t\t\t\t<\/div>\n\t\t\t\t<\/div>\n\t\t\t\t<div class=\"elementor-element elementor-element-0bdf01d elementor-widget elementor-widget-heading\" data-id=\"0bdf01d\" data-element_type=\"widget\" data-widget_type=\"heading.default\">\n\t\t\t\t<div class=\"elementor-widget-container\">\n\t\t\t\t\t<h2 class=\"elementor-heading-title elementor-size-default\">A Life Experience.<\/h2>\t\t\t\t<\/div>\n\t\t\t\t<\/div>\n\t\t\t\t<div class=\"elementor-element elementor-element-1f478df elementor-widget__width-initial elementor-widget elementor-widget-text-editor\" data-id=\"1f478df\" data-element_type=\"widget\" data-widget_type=\"text-editor.default\">\n\t\t\t\t<div class=\"elementor-widget-container\">\n\t\t\t\t\t\t\t\t\t<p>At Pachamama Cusco Explorers our purpose is for you to get to know our land, enjoy the diversity that the Peruvian Andes offers and fall in love with our culture. We are a Cusco travel agency that seeks to support the economy of the local population, offering the best experiences you can. Enjoy with family and also with friends.<\/p><p>We invite you to live a unique and unmatched experience visiting everything that Cusco, the imperial city, can offer, discover its unique beauty, its magic and its mysticism.<\/p><p>Discover Cusco with us!<\/p>\t\t\t\t\t\t\t\t<\/div>\n\t\t\t\t<\/div>\n\t\t\t\t<div class=\"elementor-element elementor-element-cf7e461 elementor-widget-divider--view-line elementor-widget elementor-widget-divider\" data-id=\"cf7e461\" data-element_type=\"widget\" data-widget_type=\"divider.default\">\n\t\t\t\t<div class=\"elementor-widget-container\">\n\t\t\t\t\t\t\t<div class=\"elementor-divider\">\n\t\t\t<span class=\"elementor-divider-separator\">\n\t\t\t\t\t\t<\/span>\n\t\t<\/div>\n\t\t\t\t\t\t<\/div>\n\t\t\t\t<\/div>\n\t\t\t\t<div class=\"elementor-element elementor-element-7757653 elementor-widget elementor-widget-heading\" data-id=\"7757653\" data-element_type=\"widget\" data-widget_type=\"heading.default\">\n\t\t\t\t<div class=\"elementor-widget-container\">\n\t\t\t\t\t<h2 class=\"elementor-heading-title elementor-size-default\">MISSION<\/h2>\t\t\t\t<\/div>\n\t\t\t\t<\/div>\n\t\t\t\t<div class=\"elementor-element elementor-element-1404c2d elementor-widget__width-initial elementor-widget elementor-widget-text-editor\" data-id=\"1404c2d\" data-element_type=\"widget\" data-widget_type=\"text-editor.default\">\n\t\t\t\t<div class=\"elementor-widget-container\">\n\t\t\t\t\t\t\t\t\t<p>At Pachamama Cusco Explorers, we are dedicated to providing authentic and enriching travel experiences that allow our visitors to explore the cultural, natural and historical diversity of Cusco and the Andean region. We strive to offer high quality services, guided by respect and preservation of the rich Andean heritage. With passion and love for our culture, we are committed to inspiring meaningful connections between our clients and the fascinating Andean world we inhabit.<\/p><p>In every step we take, we strive to preserve the natural and cultural wealth of the region. From conserving fragile ecosystems to respecting ancient traditions, we ensure we leave a minimum footprint and maximum impact in terms of supporting local communities. Likewise, we strive to minimize our environmental impact, adopting eco-friendly practices and promoting the conservation of the natural ecosystems that inspire us so much.<\/p><p>Your visitor experience is our top priority, from personalized planning to attention to detail at every stage of the trip to provide you with an unforgettable adventure while contributing positively to the environment we explore, we strive to exceed your expectations and provide you with unforgettable memories that will last long after to return home.<\/p><p>Join us on this journey towards responsible and meaningful tourism. Discover the true magic of Cusco as we leave a positive mark on the world we share. Welcome to a travel experience that transforms lives and protects the heart of our land!<\/p><p>We invite you to live a unique and unmatched experience visiting everything that Cusco, the imperial city, can offer, discover its unique beauty, its magic and its mysticism.<\/p><p>Discover Cusco with us!<\/p>\t\t\t\t\t\t\t\t<\/div>\n\t\t\t\t<\/div>\n\t\t\t\t<div class=\"elementor-element elementor-element-50a6397 elementor-widget-divider--view-line elementor-widget elementor-widget-divider\" data-id=\"50a6397\" data-element_type=\"widget\" data-widget_type=\"divider.default\">\n\t\t\t\t<div class=\"elementor-widget-container\">\n\t\t\t\t\t\t\t<div class=\"elementor-divider\">\n\t\t\t<span class=\"elementor-divider-separator\">\n\t\t\t\t\t\t<\/span>\n\t\t<\/div>\n\t\t\t\t\t\t<\/div>\n\t\t\t\t<\/div>\n\t\t\t\t<div class=\"elementor-element elementor-element-2c4401e elementor-widget elementor-widget-heading\" data-id=\"2c4401e\" data-element_type=\"widget\" data-widget_type=\"heading.default\">\n\t\t\t\t<div class=\"elementor-widget-container\">\n\t\t\t\t\t<h2 class=\"elementor-heading-title elementor-size-default\">VISION<\/h2>\t\t\t\t<\/div>\n\t\t\t\t<\/div>\n\t\t\t\t<div class=\"elementor-element elementor-element-3ee81ff elementor-widget__width-initial elementor-widget elementor-widget-text-editor\" data-id=\"3ee81ff\" data-element_type=\"widget\" data-widget_type=\"text-editor.default\">\n\t\t\t\t<div class=\"elementor-widget-container\">\n\t\t\t\t\t\t\t\t\t<p>At Pachamama Cusco Explorers our vision is to be a leading travel agency in the transformation of tourism in Cusco, where ecological, social and economic well-being is harmoniously intertwined with the enriching experience of our visitors, offering unforgettable experiences while contributing positively to the development of the region, promoting environmental conservation, respect for Andean traditions and the well-being of local communities.<\/p><p>We invite you to live a unique and unmatched experience visiting everything that Cusco, the imperial city, can offer, discover its unique beauty, its magic and its mysticism.<\/p><p>Discover Cusco with us!<\/p>\t\t\t\t\t\t\t\t<\/div>\n\t\t\t\t<\/div>\n\t\t\t\t<\/div>\n\t\t\t\t\t<\/div>\n\t\t\t\t<\/div>\n\t\t\t\t<\/div>","protected":false},"excerpt":{"rendered":"<p>Una Experiencia de Vida. En Pachamama Cusco Explorers nuestro prop\u00f3sito es que conozcas nuestra tierra, disfrutes de la diversidad que ofrece los andes peruanos y te enamores de nuestra cultura, somos una agencia de viajes cusque\u00f1a que busca apoyar la econom\u00eda de la poblaci\u00f3n local, ofreciendo las mejores experiencias que podr\u00e1s disfrutar en familia y [&hellip;]<\/p>","protected":false},"author":3,"featured_media":0,"parent":0,"menu_order":0,"comment_status":"closed","ping_status":"closed","template":"elementor_header_footer","meta":{"footnotes":""},"class_list":["post-23","page","type-page","status-publish","hentry"],"yoast_head":"<!-- This site is optimized with the Yoast SEO plugin v24.3 - https:\/\/yoast.com\/wordpress\/plugins\/seo\/ -->\n<title>Nosotros - Pachamama Cusco Explorers<\/title>\n<meta name=\"robots\" content=\"index, follow, max-snippet:-1, max-image-preview:large, max-video-preview:-1\" \/>\n<link rel=\"canonical\" href=\"https:\/\/www.pachamamacuscoexplorers.com\/nosotros\/\" \/>\n<meta property=\"og:locale\" content=\"en_US\" \/>\n<meta property=\"og:type\" content=\"article\" \/>\n<meta property=\"og:title\" content=\"Nosotros - Pachamama Cusco Explorers\" \/>\n<meta property=\"og:description\" content=\"Una Experiencia de Vida. En Pachamama Cusco Explorers nuestro prop\u00f3sito es que conozcas nuestra tierra, disfrutes de la diversidad que ofrece los andes peruanos y te enamores de nuestra cultura, somos una agencia de viajes cusque\u00f1a que busca apoyar la econom\u00eda de la poblaci\u00f3n local, ofreciendo las mejores experiencias que podr\u00e1s disfrutar en familia y [&hellip;]\" \/>\n<meta property=\"og:url\" content=\"https:\/\/www.pachamamacuscoexplorers.com\/nosotros\/\" \/>\n<meta property=\"og:site_name\" content=\"Pachamama Cusco Explorers\" \/>\n<meta property=\"article:modified_time\" content=\"2024-05-31T06:45:50+00:00\" \/>\n<meta property=\"og:image\" content=\"https:\/\/www.pachamamacuscoexplorers.com\/wp-content\/uploads\/2024\/05\/blank-pachamama-300x267.png\" \/>\n<meta name=\"twitter:card\" content=\"summary_large_image\" \/>\n<meta name=\"twitter:label1\" content=\"Est. reading time\" \/>\n\t<meta name=\"twitter:data1\" content=\"3 minutes\" \/>\n<script type=\"application\/ld+json\" class=\"yoast-schema-graph\">{\"@context\":\"https:\/\/schema.org\",\"@graph\":[{\"@type\":\"WebPage\",\"@id\":\"https:\/\/www.pachamamacuscoexplorers.com\/nosotros\/\",\"url\":\"https:\/\/www.pachamamacuscoexplorers.com\/nosotros\/\",\"name\":\"Nosotros - Pachamama Cusco Explorers\",\"isPartOf\":{\"@id\":\"https:\/\/www.pachamamacuscoexplorers.com\/#website\"},\"primaryImageOfPage\":{\"@id\":\"https:\/\/www.pachamamacuscoexplorers.com\/nosotros\/#primaryimage\"},\"image\":{\"@id\":\"https:\/\/www.pachamamacuscoexplorers.com\/nosotros\/#primaryimage\"},\"thumbnailUrl\":\"https:\/\/www.pachamamacuscoexplorer.com\/wp-content\/uploads\/2024\/05\/blank-pachamama-300x267.png\",\"datePublished\":\"2024-05-20T03:45:10+00:00\",\"dateModified\":\"2024-05-31T06:45:50+00:00\",\"breadcrumb\":{\"@id\":\"https:\/\/www.pachamamacuscoexplorers.com\/nosotros\/#breadcrumb\"},\"inLanguage\":\"en-US\",\"potentialAction\":[{\"@type\":\"ReadAction\",\"target\":[\"https:\/\/www.pachamamacuscoexplorers.com\/nosotros\/\"]}]},{\"@type\":\"ImageObject\",\"inLanguage\":\"en-US\",\"@id\":\"https:\/\/www.pachamamacuscoexplorers.com\/nosotros\/#primaryimage\",\"url\":\"https:\/\/www.pachamamacuscoexplorer.com\/wp-content\/uploads\/2024\/05\/blank-pachamama-300x267.png\",\"contentUrl\":\"https:\/\/www.pachamamacuscoexplorer.com\/wp-content\/uploads\/2024\/05\/blank-pachamama-300x267.png\"},{\"@type\":\"BreadcrumbList\",\"@id\":\"https:\/\/www.pachamamacuscoexplorers.com\/nosotros\/#breadcrumb\",\"itemListElement\":[{\"@type\":\"ListItem\",\"position\":1,\"name\":\"Inicio\",\"item\":\"https:\/\/www.pachamamacuscoexplorers.com\/\"},{\"@type\":\"ListItem\",\"position\":2,\"name\":\"Nosotros\"}]},{\"@type\":\"WebSite\",\"@id\":\"https:\/\/www.pachamamacuscoexplorers.com\/#website\",\"url\":\"https:\/\/www.pachamamacuscoexplorers.com\/\",\"name\":\"Pachamama Cusco Explorers\",\"description\":\"En Pachamama Explorers nuestro prop\u00f3sito es que conozcas nuestra tierra, disfruta de la diversidad que ofrece los andes peruanos y te enamores de nuestra cultura\",\"publisher\":{\"@id\":\"https:\/\/www.pachamamacuscoexplorers.com\/#organization\"},\"potentialAction\":[{\"@type\":\"SearchAction\",\"target\":{\"@type\":\"EntryPoint\",\"urlTemplate\":\"https:\/\/www.pachamamacuscoexplorers.com\/?s={search_term_string}\"},\"query-input\":{\"@type\":\"PropertyValueSpecification\",\"valueRequired\":true,\"valueName\":\"search_term_string\"}}],\"inLanguage\":\"en-US\"},{\"@type\":\"Organization\",\"@id\":\"https:\/\/www.pachamamacuscoexplorers.com\/#organization\",\"name\":\"Pachamama Cusco Explorers\",\"url\":\"https:\/\/www.pachamamacuscoexplorers.com\/\",\"logo\":{\"@type\":\"ImageObject\",\"inLanguage\":\"en-US\",\"@id\":\"https:\/\/www.pachamamacuscoexplorers.com\/#\/schema\/logo\/image\/\",\"url\":\"https:\/\/www.pachamamacuscoexplorer.com\/wp-content\/uploads\/2024\/05\/logo-pachamama.png\",\"contentUrl\":\"https:\/\/www.pachamamacuscoexplorer.com\/wp-content\/uploads\/2024\/05\/logo-pachamama.png\",\"width\":243,\"height\":205,\"caption\":\"Pachamama Cusco Explorers\"},\"image\":{\"@id\":\"https:\/\/www.pachamamacuscoexplorers.com\/#\/schema\/logo\/image\/\"}}]}<\/script>\n<!-- \/ Yoast SEO plugin. -->","yoast_head_json":{"title":"Nosotros - Pachamama Cusco Explorers","robots":{"index":"index","follow":"follow","max-snippet":"max-snippet:-1","max-image-preview":"max-image-preview:large","max-video-preview":"max-video-preview:-1"},"canonical":"https:\/\/www.pachamamacuscoexplorers.com\/nosotros\/","og_locale":"en_US","og_type":"article","og_title":"Nosotros - Pachamama Cusco Explorers","og_description":"Una Experiencia de Vida. En Pachamama Cusco Explorers nuestro prop\u00f3sito es que conozcas nuestra tierra, disfrutes de la diversidad que ofrece los andes peruanos y te enamores de nuestra cultura, somos una agencia de viajes cusque\u00f1a que busca apoyar la econom\u00eda de la poblaci\u00f3n local, ofreciendo las mejores experiencias que podr\u00e1s disfrutar en familia y [&hellip;]","og_url":"https:\/\/www.pachamamacuscoexplorers.com\/nosotros\/","og_site_name":"Pachamama Cusco Explorers","article_modified_time":"2024-05-31T06:45:50+00:00","og_image":[{"url":"https:\/\/www.pachamamacuscoexplorers.com\/wp-content\/uploads\/2024\/05\/blank-pachamama-300x267.png","type":"","width":"","height":""}],"twitter_card":"summary_large_image","twitter_misc":{"Est. reading time":"3 minutes"},"schema":{"@context":"https:\/\/schema.org","@graph":[{"@type":"WebPage","@id":"https:\/\/www.pachamamacuscoexplorers.com\/nosotros\/","url":"https:\/\/www.pachamamacuscoexplorers.com\/nosotros\/","name":"Nosotros - Pachamama Cusco Explorers","isPartOf":{"@id":"https:\/\/www.pachamamacuscoexplorers.com\/#website"},"primaryImageOfPage":{"@id":"https:\/\/www.pachamamacuscoexplorers.com\/nosotros\/#primaryimage"},"image":{"@id":"https:\/\/www.pachamamacuscoexplorers.com\/nosotros\/#primaryimage"},"thumbnailUrl":"https:\/\/www.pachamamacuscoexplorer.com\/wp-content\/uploads\/2024\/05\/blank-pachamama-300x267.png","datePublished":"2024-05-20T03:45:10+00:00","dateModified":"2024-05-31T06:45:50+00:00","breadcrumb":{"@id":"https:\/\/www.pachamamacuscoexplorers.com\/nosotros\/#breadcrumb"},"inLanguage":"en-US","potentialAction":[{"@type":"ReadAction","target":["https:\/\/www.pachamamacuscoexplorers.com\/nosotros\/"]}]},{"@type":"ImageObject","inLanguage":"en-US","@id":"https:\/\/www.pachamamacuscoexplorers.com\/nosotros\/#primaryimage","url":"https:\/\/www.pachamamacuscoexplorer.com\/wp-content\/uploads\/2024\/05\/blank-pachamama-300x267.png","contentUrl":"https:\/\/www.pachamamacuscoexplorer.com\/wp-content\/uploads\/2024\/05\/blank-pachamama-300x267.png"},{"@type":"BreadcrumbList","@id":"https:\/\/www.pachamamacuscoexplorers.com\/nosotros\/#breadcrumb","itemListElement":[{"@type":"ListItem","position":1,"name":"Inicio","item":"https:\/\/www.pachamamacuscoexplorers.com\/"},{"@type":"ListItem","position":2,"name":"Nosotros"}]},{"@type":"WebSite","@id":"https:\/\/www.pachamamacuscoexplorers.com\/#website","url":"https:\/\/www.pachamamacuscoexplorers.com\/","name":"Pachamama Cusco Explorers","description":"En Pachamama Explorers nuestro prop\u00f3sito es que conozcas nuestra tierra, disfruta de la diversidad que ofrece los andes peruanos y te enamores de nuestra cultura","publisher":{"@id":"https:\/\/www.pachamamacuscoexplorers.com\/#organization"},"potentialAction":[{"@type":"SearchAction","target":{"@type":"EntryPoint","urlTemplate":"https:\/\/www.pachamamacuscoexplorers.com\/?s={search_term_string}"},"query-input":{"@type":"PropertyValueSpecification","valueRequired":true,"valueName":"search_term_string"}}],"inLanguage":"en-US"},{"@type":"Organization","@id":"https:\/\/www.pachamamacuscoexplorers.com\/#organization","name":"Pachamama Cusco Explorers","url":"https:\/\/www.pachamamacuscoexplorers.com\/","logo":{"@type":"ImageObject","inLanguage":"en-US","@id":"https:\/\/www.pachamamacuscoexplorers.com\/#\/schema\/logo\/image\/","url":"https:\/\/www.pachamamacuscoexplorer.com\/wp-content\/uploads\/2024\/05\/logo-pachamama.png","contentUrl":"https:\/\/www.pachamamacuscoexplorer.com\/wp-content\/uploads\/2024\/05\/logo-pachamama.png","width":243,"height":205,"caption":"Pachamama Cusco Explorers"},"image":{"@id":"https:\/\/www.pachamamacuscoexplorers.com\/#\/schema\/logo\/image\/"}}]}},"_links":{"self":[{"href":"https:\/\/www.pachamamacuscoexplorer.com\/en\/wp-json\/wp\/v2\/pages\/23","targetHints":{"allow":["GET"]}}],"collection":[{"href":"https:\/\/www.pachamamacuscoexplorer.com\/en\/wp-json\/wp\/v2\/pages"}],"about":[{"href":"https:\/\/www.pachamamacuscoexplorer.com\/en\/wp-json\/wp\/v2\/types\/page"}],"author":[{"embeddable":true,"href":"https:\/\/www.pachamamacuscoexplorer.com\/en\/wp-json\/wp\/v2\/users\/3"}],"replies":[{"embeddable":true,"href":"https:\/\/www.pachamamacuscoexplorer.com\/en\/wp-json\/wp\/v2\/comments?post=23"}],"version-history":[{"count":82,"href":"https:\/\/www.pachamamacuscoexplorer.com\/en\/wp-json\/wp\/v2\/pages\/23\/revisions"}],"predecessor-version":[{"id":545,"href":"https:\/\/www.pachamamacuscoexplorer.com\/en\/wp-json\/wp\/v2\/pages\/23\/revisions\/545"}],"wp:attachment":[{"href":"https:\/\/www.pachamamacuscoexplorer.com\/en\/wp-json\/wp\/v2\/media?parent=23"}],"curies":[{"name":"wp","href":"https:\/\/api.w.org\/{rel}","templated":true}]}}