{"id":1009,"date":"2024-06-16T08:06:20","date_gmt":"2024-06-16T08:06:20","guid":{"rendered":"https:\/\/www.pachamamacuscoexplorer.com\/?page_id=1009"},"modified":"2024-08-19T16:50:46","modified_gmt":"2024-08-19T16:50:46","slug":"cusco-valle-sagrado-machupicchu","status":"publish","type":"page","link":"https:\/\/www.pachamamacuscoexplorer.com\/en\/cusco-valle-sagrado-machupicchu\/","title":{"rendered":"Cusco + Sacred Valley + Machupicchu"},"content":{"rendered":"<div data-elementor-type=\"wp-page\" data-elementor-id=\"1009\" class=\"elementor elementor-1009\" data-elementor-post-type=\"page\">\n\t\t\t\t<div class=\"elementor-element elementor-element-da977bf e-con-full e-flex e-con e-parent\" data-id=\"da977bf\" data-element_type=\"container\" data-settings=\"{&quot;background_background&quot;:&quot;classic&quot;,&quot;shape_divider_bottom&quot;:&quot;wave-brush&quot;}\">\n\t\t\t\t<div class=\"elementor-shape elementor-shape-bottom\" data-negative=\"false\">\n\t\t\t<svg xmlns=\"http:\/\/www.w3.org\/2000\/svg\" viewbox=\"0 0 283.5 27.8\" preserveaspectratio=\"none\">\n\t<path class=\"elementor-shape-fill\" d=\"M283.5,9.7c0,0-7.3,4.3-14,4.6c-6.8,0.3-12.6,0-20.9-1.5c-11.3-2-33.1-10.1-44.7-5.7\ts-12.1,4.6-18,7.4c-6.6,3.2-20,9.6-36.6,9.3C131.6,23.5,99.5,7.2,86.3,8c-1.4,0.1-6.6,0.8-10.5,2c-3.8,1.2-9.4,3.8-17,4.7\tc-3.2,0.4-8.3,1.1-14.2,0.9c-1.5-0.1-6.3-0.4-12-1.6c-5.7-1.2-11-3.1-15.8-3.7C6.5,9.2,0,10.8,0,10.8V0h283.5V9.7z M260.8,11.3\tc-0.7-1-2-0.4-4.3-0.4c-2.3,0-6.1-1.2-5.8-1.1c0.3,0.1,3.1,1.5,6,1.9C259.7,12.2,261.4,12.3,260.8,11.3z M242.4,8.6\tc0,0-2.4-0.2-5.6-0.9c-3.2-0.8-10.3-2.8-15.1-3.5c-8.2-1.1-15.8,0-15.1,0.1c0.8,0.1,9.6-0.6,17.6,1.1c3.3,0.7,9.3,2.2,12.4,2.7\tC239.9,8.7,242.4,8.6,242.4,8.6z M185.2,8.5c1.7-0.7-13.3,4.7-18.5,6.1c-2.1,0.6-6.2,1.6-10,2c-3.9,0.4-8.9,0.4-8.8,0.5\tc0,0.2,5.8,0.8,11.2,0c5.4-0.8,5.2-1.1,7.6-1.6C170.5,14.7,183.5,9.2,185.2,8.5z M199.1,6.9c0.2,0-0.8-0.4-4.8,1.1\tc-4,1.5-6.7,3.5-6.9,3.7c-0.2,0.1,3.5-1.8,6.6-3C197,7.5,199,6.9,199.1,6.9z M283,6c-0.1,0.1-1.9,1.1-4.8,2.5s-6.9,2.8-6.7,2.7\tc0.2,0,3.5-0.6,7.4-2.5C282.8,6.8,283.1,5.9,283,6z M31.3,11.6c0.1-0.2-1.9-0.2-4.5-1.2s-5.4-1.6-7.8-2C15,7.6,7.3,8.5,7.7,8.6\tC8,8.7,15.9,8.3,20.2,9.3c2.2,0.5,2.4,0.5,5.7,1.6S31.2,11.9,31.3,11.6z M73,9.2c0.4-0.1,3.5-1.6,8.4-2.6c4.9-1.1,8.9-0.5,8.9-0.8\tc0-0.3-1-0.9-6.2-0.3S72.6,9.3,73,9.2z M71.6,6.7C71.8,6.8,75,5.4,77.3,5c2.3-0.3,1.9-0.5,1.9-0.6c0-0.1-1.1-0.2-2.7,0.2\tC74.8,5.1,71.4,6.6,71.6,6.7z M93.6,4.4c0.1,0.2,3.5,0.8,5.6,1.8c2.1,1,1.8,0.6,1.9,0.5c0.1-0.1-0.8-0.8-2.4-1.3\tC97.1,4.8,93.5,4.2,93.6,4.4z M65.4,11.1c-0.1,0.3,0.3,0.5,1.9-0.2s2.6-1.3,2.2-1.2s-0.9,0.4-2.5,0.8C65.3,10.9,65.5,10.8,65.4,11.1\tz M34.5,12.4c-0.2,0,2.1,0.8,3.3,0.9c1.2,0.1,2,0.1,2-0.2c0-0.3-0.1-0.5-1.6-0.4C36.6,12.8,34.7,12.4,34.5,12.4z M152.2,21.1\tc-0.1,0.1-2.4-0.3-7.5-0.3c-5,0-13.6-2.4-17.2-3.5c-3.6-1.1,10,3.9,16.5,4.1C150.5,21.6,152.3,21,152.2,21.1z\"\/>\n\t<path class=\"elementor-shape-fill\" d=\"M269.6,18c-0.1-0.1-4.6,0.3-7.2,0c-7.3-0.7-17-3.2-16.6-2.9c0.4,0.3,13.7,3.1,17,3.3\tC267.7,18.8,269.7,18,269.6,18z\"\/>\n\t<path class=\"elementor-shape-fill\" d=\"M227.4,9.8c-0.2-0.1-4.5-1-9.5-1.2c-5-0.2-12.7,0.6-12.3,0.5c0.3-0.1,5.9-1.8,13.3-1.2\tS227.6,9.9,227.4,9.8z\"\/>\n\t<path class=\"elementor-shape-fill\" d=\"M204.5,13.4c-0.1-0.1,2-1,3.2-1.1c1.2-0.1,2,0,2,0.3c0,0.3-0.1,0.5-1.6,0.4\tC206.4,12.9,204.6,13.5,204.5,13.4z\"\/>\n\t<path class=\"elementor-shape-fill\" d=\"M201,10.6c0-0.1-4.4,1.2-6.3,2.2c-1.9,0.9-6.2,3.1-6.1,3.1c0.1,0.1,4.2-1.6,6.3-2.6\tS201,10.7,201,10.6z\"\/>\n\t<path class=\"elementor-shape-fill\" d=\"M154.5,26.7c-0.1-0.1-4.6,0.3-7.2,0c-7.3-0.7-17-3.2-16.6-2.9c0.4,0.3,13.7,3.1,17,3.3\tC152.6,27.5,154.6,26.8,154.5,26.7z\"\/>\n\t<path class=\"elementor-shape-fill\" d=\"M41.9,19.3c0,0,1.2-0.3,2.9-0.1c1.7,0.2,5.8,0.9,8.2,0.7c4.2-0.4,7.4-2.7,7-2.6\tc-0.4,0-4.3,2.2-8.6,1.9c-1.8-0.1-5.1-0.5-6.7-0.4S41.9,19.3,41.9,19.3z\"\/>\n\t<path class=\"elementor-shape-fill\" d=\"M75.5,12.6c0.2,0.1,2-0.8,4.3-1.1c2.3-0.2,2.1-0.3,2.1-0.5c0-0.1-1.8-0.4-3.4,0\tC76.9,11.5,75.3,12.5,75.5,12.6z\"\/>\n\t<path class=\"elementor-shape-fill\" d=\"M15.6,13.2c0-0.1,4.3,0,6.7,0.5c2.4,0.5,5,1.9,5,2c0,0.1-2.7-0.8-5.1-1.4\tC19.9,13.7,15.7,13.3,15.6,13.2z\"\/>\n<\/svg>\t\t<\/div>\n\t\t\t\t<div class=\"elementor-element elementor-element-895fbe1 elementor-absolute elementor-invisible elementor-widget elementor-widget-heading\" data-id=\"895fbe1\" data-element_type=\"widget\" data-settings=\"{&quot;_position&quot;:&quot;absolute&quot;,&quot;_animation&quot;:&quot;fadeInLeft&quot;}\" data-widget_type=\"heading.default\">\n\t\t\t\t<div class=\"elementor-widget-container\">\n\t\t\t\t\t<h1 class=\"elementor-heading-title elementor-size-default\">CUSCO +  VALLE SAGRADO + MACHUPICCHU<\/h1>\t\t\t\t<\/div>\n\t\t\t\t<\/div>\n\t\t\t\t<\/div>\n\t\t<div class=\"elementor-element elementor-element-a7a1307 e-flex e-con-boxed e-con e-parent\" data-id=\"a7a1307\" data-element_type=\"container\">\n\t\t\t\t\t<div class=\"e-con-inner\">\n\t\t<div class=\"elementor-element elementor-element-b7431f0 e-con-full e-flex e-con e-child\" data-id=\"b7431f0\" data-element_type=\"container\">\n\t\t\t\t<div class=\"elementor-element elementor-element-201e1a6 elementor-widget elementor-widget-heading\" data-id=\"201e1a6\" data-element_type=\"widget\" data-widget_type=\"heading.default\">\n\t\t\t\t<div class=\"elementor-widget-container\">\n\t\t\t\t\t<h2 class=\"elementor-heading-title elementor-size-default\">Cusco + Sacred Valley + Machupicchu<\/h2>\t\t\t\t<\/div>\n\t\t\t\t<\/div>\n\t\t\t\t<div class=\"elementor-element elementor-element-efadbef elementor-widget elementor-widget-text-editor\" data-id=\"efadbef\" data-element_type=\"widget\" data-widget_type=\"text-editor.default\">\n\t\t\t\t<div class=\"elementor-widget-container\">\n\t\t\t\t\t\t\t\t\t<p>Prep\u00e1rate para una aventura emocionante en Cusco, el coraz\u00f3n del antiguo Imperio Inca. El tour m\u00e1s completo, visitaras lugares memorables, hist\u00f3ricamente trascendentes, de la mano de un profesional conocer\u00e1s acerca de nuestra cultura viva recorriendo la ciudad imperial de Cusco, la ruta del valle sagrado, y la visita a la maravilla Machu Picchu. Este paquete incluye transportes completos, alimentaci\u00f3n, gu\u00eda oficial de turismo y las entradas a los lugares a visitar.<\/p>\t\t\t\t\t\t\t\t<\/div>\n\t\t\t\t<\/div>\n\t\t\t\t<div class=\"elementor-element elementor-element-67cca55 elementor-widget elementor-widget-heading\" data-id=\"67cca55\" data-element_type=\"widget\" data-widget_type=\"heading.default\">\n\t\t\t\t<div class=\"elementor-widget-container\">\n\t\t\t\t\t<h2 class=\"elementor-heading-title elementor-size-default\">Itinerary<\/h2>\t\t\t\t<\/div>\n\t\t\t\t<\/div>\n\t\t\t\t<div class=\"elementor-element elementor-element-e833512 elementor-widget elementor-widget-text-editor\" data-id=\"e833512\" data-element_type=\"widget\" data-widget_type=\"text-editor.default\">\n\t\t\t\t<div class=\"elementor-widget-container\">\n\t\t\t\t\t\t\t\t\t<p><strong>D\u00eda 1: City Tour en Cusco<\/strong><\/p><ul><li>Tu gu\u00eda te recoger\u00e1 en tu hotel y comenzar\u00e1s tu recorrido por la hermosa ciudad de Cusco.<\/li><li>Visita la majestuosa Catedral de Cusco, una obra maestra arquitect\u00f3nica que combina estilos renacentistas y barrocos.<\/li><li>Contin\u00faa hacia el Templo del Qorikancha, el templo inca dedicado al dios Sol, \u00a1te sorprender\u00e1 su impresionante arquitectura y su historia fascinante!<\/li><li>Disfruta de un delicioso almuerzo en uno de los restaurantes locales, donde podr\u00e1s probar platos t\u00edpicos peruanos.<\/li><li>Despu\u00e9s del almuerzo, visita las ruinas incas cercanas a Cusco, como Sacsayhuam\u00e1n, Q&#8217;enqo, Puka Pukara y Tambomachay. \u00a1Estas estructuras antiguas te dejar\u00e1n sin aliento con su magnificencia!<br \/><br \/><\/li><\/ul><p><strong>D\u00eda 2: Valle Sagrado<\/strong><\/p><ul><li>El primer punto de visita ser\u00e1 el mercado de Pisac, donde tendr\u00e1s la oportunidad de comprar artesan\u00edas locales y productos tradicionales.<\/li><li>Continuaremos con la visita guiada al centro arqueol\u00f3gico de Pisac<\/li><li>Disfruta de un almuerzo t\u00edpico en un restaurante local mientras disfrutas de las vistas panor\u00e1micas del Valle Sagrado.<\/li><li>Luego hacia el pueblo de Ollantaytambo, famoso por su complejo arqueol\u00f3gico y su arquitectura incaica bien conservada.<\/li><li>Despu\u00e9s del almuerzo, explora el centro arqueol\u00f3gico de Ollantaytambo y aprende sobre su importancia hist\u00f3rica y arquitect\u00f3nica.<\/li><li>Toma un tren desde Ollantaytambo hasta Aguas Calientes, el pueblo base para visitar Machu Picchu.<\/li><li>Una ves en Aguas Calientes luego del check in en tu hotel tendr\u00e1s tiempo de cenar en uno de los restaurantes acogedores de Aguas Calientes y descansa para el d\u00eda emocionante que te espera.<br \/><br \/><\/li><\/ul><p><strong>D\u00eda 3: Machupicchu<\/strong><\/p><ul><li>Despierta temprano y tomaremos el autob\u00fas que nos te llevar\u00e1 desde Aguas Calientes hasta la entrada de Machu Picchu.<\/li><li>Explora la legendaria ciudadela inca de Machu Picchu con la compa\u00f1\u00eda de tu gu\u00eda, quien te contar\u00e1 todo sobre su historia.<\/li><li>Regresa a Aguas Calientes en autob\u00fas y disfruta de un almuerzo reconfortante en uno de los restaurantes locales.<\/li><li>Toma el tren de regreso a Ollantaytambo y luego contin\u00faa en autob\u00fas hasta Cusco.<\/li><\/ul>\t\t\t\t\t\t\t\t<\/div>\n\t\t\t\t<\/div>\n\t\t\t\t<div class=\"elementor-element elementor-element-c35975e elementor-headline--style-highlight elementor-widget elementor-widget-animated-headline\" data-id=\"c35975e\" data-element_type=\"widget\" data-settings=\"{&quot;marker&quot;:&quot;underline_zigzag&quot;,&quot;highlighted_text&quot;:&quot;Contactate con Nosotros&quot;,&quot;headline_style&quot;:&quot;highlight&quot;,&quot;loop&quot;:&quot;yes&quot;,&quot;highlight_animation_duration&quot;:1200,&quot;highlight_iteration_delay&quot;:8000}\" data-widget_type=\"animated-headline.default\">\n\t\t\t\t<div class=\"elementor-widget-container\">\n\t\t\t\t\t\t\t<h3 class=\"elementor-headline\">\n\t\t\t\t\t<span class=\"elementor-headline-plain-text elementor-headline-text-wrapper\">Do you want more details?<\/span>\n\t\t\t\t<span class=\"elementor-headline-dynamic-wrapper elementor-headline-text-wrapper\">\n\t\t\t\t\t<span class=\"elementor-headline-dynamic-text elementor-headline-text-active\">Contact us<\/span>\n\t\t\t\t<\/span>\n\t\t\t\t<\/h3>\n\t\t\t\t\t\t<\/div>\n\t\t\t\t<\/div>\n\t\t\t\t<\/div>\n\t\t<div class=\"elementor-element elementor-element-7133e5c e-con-full e-flex e-con e-child\" data-id=\"7133e5c\" data-element_type=\"container\" data-settings=\"{&quot;background_background&quot;:&quot;classic&quot;}\">\n\t\t\t\t<div class=\"elementor-element elementor-element-9fa0c05 elementor-widget elementor-widget-image\" data-id=\"9fa0c05\" data-element_type=\"widget\" data-widget_type=\"image.default\">\n\t\t\t\t<div class=\"elementor-widget-container\">\n\t\t\t\t\t\t\t\t\t\t\t\t\t\t\t<img fetchpriority=\"high\" decoding=\"async\" width=\"274\" height=\"275\" src=\"https:\/\/www.pachamamacuscoexplorer.com\/wp-content\/uploads\/2024\/06\/machupicchu5.jpg\" class=\"attachment-large size-large wp-image-1147\" alt=\"\" srcset=\"https:\/\/www.pachamamacuscoexplorer.com\/wp-content\/uploads\/2024\/06\/machupicchu5.jpg 274w, https:\/\/www.pachamamacuscoexplorer.com\/wp-content\/uploads\/2024\/06\/machupicchu5-150x150.jpg 150w, https:\/\/www.pachamamacuscoexplorer.com\/wp-content\/uploads\/2024\/06\/machupicchu5-12x12.jpg 12w\" sizes=\"(max-width: 274px) 100vw, 274px\" \/>\t\t\t\t\t\t\t\t\t\t\t\t\t\t\t<\/div>\n\t\t\t\t<\/div>\n\t\t\t\t<div class=\"elementor-element elementor-element-385991a elementor-widget elementor-widget-image\" data-id=\"385991a\" data-element_type=\"widget\" data-widget_type=\"image.default\">\n\t\t\t\t<div class=\"elementor-widget-container\">\n\t\t\t\t\t\t\t\t\t\t\t\t\t\t\t<img decoding=\"async\" width=\"274\" height=\"275\" src=\"https:\/\/www.pachamamacuscoexplorer.com\/wp-content\/uploads\/2024\/06\/machupicchu6.jpg\" class=\"attachment-large size-large wp-image-1149\" alt=\"machupicchu pachamama cusco explorers\" srcset=\"https:\/\/www.pachamamacuscoexplorer.com\/wp-content\/uploads\/2024\/06\/machupicchu6.jpg 274w, https:\/\/www.pachamamacuscoexplorer.com\/wp-content\/uploads\/2024\/06\/machupicchu6-150x150.jpg 150w, https:\/\/www.pachamamacuscoexplorer.com\/wp-content\/uploads\/2024\/06\/machupicchu6-12x12.jpg 12w\" sizes=\"(max-width: 274px) 100vw, 274px\" \/>\t\t\t\t\t\t\t\t\t\t\t\t\t\t\t<\/div>\n\t\t\t\t<\/div>\n\t\t\t\t<div class=\"elementor-element elementor-element-2ea8bb1 elementor-align-center elementor-widget elementor-widget-button\" data-id=\"2ea8bb1\" data-element_type=\"widget\" data-widget_type=\"button.default\">\n\t\t\t\t<div class=\"elementor-widget-container\">\n\t\t\t\t\t\t\t\t\t<div class=\"elementor-button-wrapper\">\n\t\t\t\t\t<a class=\"elementor-button elementor-button-link elementor-size-sm\" href=\"https:\/\/www.pachamamacuscoexplorer.com\/en\/contactanos\/\">\n\t\t\t\t\t\t<span class=\"elementor-button-content-wrapper\">\n\t\t\t\t\t\t\t\t\t<span class=\"elementor-button-text\">Request Information<\/span>\n\t\t\t\t\t<\/span>\n\t\t\t\t\t<\/a>\n\t\t\t\t<\/div>\n\t\t\t\t\t\t\t\t<\/div>\n\t\t\t\t<\/div>\n\t\t\t\t<div class=\"elementor-element elementor-element-e603bfe elementor-view-default elementor-widget elementor-widget-icon\" data-id=\"e603bfe\" data-element_type=\"widget\" data-widget_type=\"icon.default\">\n\t\t\t\t<div class=\"elementor-widget-container\">\n\t\t\t\t\t\t\t<div class=\"elementor-icon-wrapper\">\n\t\t\t<div class=\"elementor-icon\">\n\t\t\t<svg aria-hidden=\"true\" class=\"e-font-icon-svg e-fab-whatsapp\" viewbox=\"0 0 448 512\" xmlns=\"http:\/\/www.w3.org\/2000\/svg\"><path d=\"M380.9 97.1C339 55.1 283.2 32 223.9 32c-122.4 0-222 99.6-222 222 0 39.1 10.2 77.3 29.6 111L0 480l117.7-30.9c32.4 17.7 68.9 27 106.1 27h.1c122.3 0 224.1-99.6 224.1-222 0-59.3-25.2-115-67.1-157zm-157 341.6c-33.2 0-65.7-8.9-94-25.7l-6.7-4-69.8 18.3L72 359.2l-4.4-7c-18.5-29.4-28.2-63.3-28.2-98.2 0-101.7 82.8-184.5 184.6-184.5 49.3 0 95.6 19.2 130.4 54.1 34.8 34.9 56.2 81.2 56.1 130.5 0 101.8-84.9 184.6-186.6 184.6zm101.2-138.2c-5.5-2.8-32.8-16.2-37.9-18-5.1-1.9-8.8-2.8-12.5 2.8-3.7 5.6-14.3 18-17.6 21.8-3.2 3.7-6.5 4.2-12 1.4-32.6-16.3-54-29.1-75.5-66-5.7-9.8 5.7-9.1 16.3-30.3 1.8-3.7.9-6.9-.5-9.7-1.4-2.8-12.5-30.1-17.1-41.2-4.5-10.8-9.1-9.3-12.5-9.5-3.2-.2-6.9-.2-10.6-.2-3.7 0-9.7 1.4-14.8 6.9-5.1 5.6-19.4 19-19.4 46.3 0 27.3 19.9 53.7 22.6 57.4 2.8 3.7 39.1 59.7 94.8 83.8 35.2 15.2 49 16.5 66.6 13.9 10.7-1.6 32.8-13.4 37.4-26.4 4.6-13 4.6-24.1 3.2-26.4-1.3-2.5-5-3.9-10.5-6.6z\"><\/path><\/svg>\t\t\t<\/div>\n\t\t<\/div>\n\t\t\t\t\t\t<\/div>\n\t\t\t\t<\/div>\n\t\t\t\t<div class=\"elementor-element elementor-element-0a3dd78 elementor-widget elementor-widget-heading\" data-id=\"0a3dd78\" data-element_type=\"widget\" data-widget_type=\"heading.default\">\n\t\t\t\t<div class=\"elementor-widget-container\">\n\t\t\t\t\t<h3 class=\"elementor-heading-title elementor-size-default\">+51 914 232552<\/h3>\t\t\t\t<\/div>\n\t\t\t\t<\/div>\n\t\t\t\t<\/div>\n\t\t\t\t\t<\/div>\n\t\t\t\t<\/div>\n\t\t\t\t<\/div>","protected":false},"excerpt":{"rendered":"<p>CUSCO + VALLE SAGRADO + MACHUPICCHU Cusco + Valle Sagrado + Machupicchu Prep\u00e1rate para una aventura emocionante en Cusco, el coraz\u00f3n del antiguo Imperio Inca. El tour m\u00e1s completo, visitaras lugares memorables, hist\u00f3ricamente trascendentes, de la mano de un profesional conocer\u00e1s acerca de nuestra cultura viva recorriendo la ciudad imperial de Cusco, la ruta del [&hellip;]<\/p>","protected":false},"author":3,"featured_media":0,"parent":0,"menu_order":0,"comment_status":"closed","ping_status":"closed","template":"elementor_header_footer","meta":{"footnotes":""},"class_list":["post-1009","page","type-page","status-publish","hentry"],"yoast_head":"<!-- This site is optimized with the Yoast SEO plugin v24.3 - https:\/\/yoast.com\/wordpress\/plugins\/seo\/ -->\n<title>Cusco + Valle Sagrado + Machupicchu - Pachamama Cusco Explorers<\/title>\n<meta name=\"robots\" content=\"index, follow, max-snippet:-1, max-image-preview:large, max-video-preview:-1\" \/>\n<link rel=\"canonical\" href=\"https:\/\/www.pachamamacuscoexplorers.com\/cusco-valle-sagrado-machupicchu\/\" \/>\n<meta property=\"og:locale\" content=\"en_US\" \/>\n<meta property=\"og:type\" content=\"article\" \/>\n<meta property=\"og:title\" content=\"Cusco + Valle Sagrado + Machupicchu - Pachamama Cusco Explorers\" \/>\n<meta property=\"og:description\" content=\"CUSCO + VALLE SAGRADO + MACHUPICCHU Cusco + Valle Sagrado + Machupicchu Prep\u00e1rate para una aventura emocionante en Cusco, el coraz\u00f3n del antiguo Imperio Inca. El tour m\u00e1s completo, visitaras lugares memorables, hist\u00f3ricamente trascendentes, de la mano de un profesional conocer\u00e1s acerca de nuestra cultura viva recorriendo la ciudad imperial de Cusco, la ruta del [&hellip;]\" \/>\n<meta property=\"og:url\" content=\"https:\/\/www.pachamamacuscoexplorers.com\/cusco-valle-sagrado-machupicchu\/\" \/>\n<meta property=\"og:site_name\" content=\"Pachamama Cusco Explorers\" \/>\n<meta property=\"article:modified_time\" content=\"2024-08-19T16:50:46+00:00\" \/>\n<meta property=\"og:image\" content=\"https:\/\/www.pachamamacuscoexplorers.com\/wp-content\/uploads\/2024\/06\/machupicchu5.jpg\" \/>\n<meta name=\"twitter:card\" content=\"summary_large_image\" \/>\n<meta name=\"twitter:label1\" content=\"Est. reading time\" \/>\n\t<meta name=\"twitter:data1\" content=\"3 minutes\" \/>\n<script type=\"application\/ld+json\" class=\"yoast-schema-graph\">{\"@context\":\"https:\/\/schema.org\",\"@graph\":[{\"@type\":\"WebPage\",\"@id\":\"https:\/\/www.pachamamacuscoexplorers.com\/cusco-valle-sagrado-machupicchu\/\",\"url\":\"https:\/\/www.pachamamacuscoexplorers.com\/cusco-valle-sagrado-machupicchu\/\",\"name\":\"Cusco + Valle Sagrado + Machupicchu - Pachamama Cusco Explorers\",\"isPartOf\":{\"@id\":\"https:\/\/www.pachamamacuscoexplorers.com\/#website\"},\"primaryImageOfPage\":{\"@id\":\"https:\/\/www.pachamamacuscoexplorers.com\/cusco-valle-sagrado-machupicchu\/#primaryimage\"},\"image\":{\"@id\":\"https:\/\/www.pachamamacuscoexplorers.com\/cusco-valle-sagrado-machupicchu\/#primaryimage\"},\"thumbnailUrl\":\"https:\/\/www.pachamamacuscoexplorer.com\/wp-content\/uploads\/2024\/06\/machupicchu5.jpg\",\"datePublished\":\"2024-06-16T08:06:20+00:00\",\"dateModified\":\"2024-08-19T16:50:46+00:00\",\"breadcrumb\":{\"@id\":\"https:\/\/www.pachamamacuscoexplorers.com\/cusco-valle-sagrado-machupicchu\/#breadcrumb\"},\"inLanguage\":\"en-US\",\"potentialAction\":[{\"@type\":\"ReadAction\",\"target\":[\"https:\/\/www.pachamamacuscoexplorers.com\/cusco-valle-sagrado-machupicchu\/\"]}]},{\"@type\":\"ImageObject\",\"inLanguage\":\"en-US\",\"@id\":\"https:\/\/www.pachamamacuscoexplorers.com\/cusco-valle-sagrado-machupicchu\/#primaryimage\",\"url\":\"https:\/\/www.pachamamacuscoexplorer.com\/wp-content\/uploads\/2024\/06\/machupicchu5.jpg\",\"contentUrl\":\"https:\/\/www.pachamamacuscoexplorer.com\/wp-content\/uploads\/2024\/06\/machupicchu5.jpg\"},{\"@type\":\"BreadcrumbList\",\"@id\":\"https:\/\/www.pachamamacuscoexplorers.com\/cusco-valle-sagrado-machupicchu\/#breadcrumb\",\"itemListElement\":[{\"@type\":\"ListItem\",\"position\":1,\"name\":\"Inicio\",\"item\":\"https:\/\/www.pachamamacuscoexplorers.com\/\"},{\"@type\":\"ListItem\",\"position\":2,\"name\":\"Cusco + Valle Sagrado + Machupicchu\"}]},{\"@type\":\"WebSite\",\"@id\":\"https:\/\/www.pachamamacuscoexplorers.com\/#website\",\"url\":\"https:\/\/www.pachamamacuscoexplorers.com\/\",\"name\":\"Pachamama Cusco Explorers\",\"description\":\"En Pachamama Explorers nuestro prop\u00f3sito es que conozcas nuestra tierra, disfruta de la diversidad que ofrece los andes peruanos y te enamores de nuestra cultura\",\"publisher\":{\"@id\":\"https:\/\/www.pachamamacuscoexplorers.com\/#organization\"},\"potentialAction\":[{\"@type\":\"SearchAction\",\"target\":{\"@type\":\"EntryPoint\",\"urlTemplate\":\"https:\/\/www.pachamamacuscoexplorers.com\/?s={search_term_string}\"},\"query-input\":{\"@type\":\"PropertyValueSpecification\",\"valueRequired\":true,\"valueName\":\"search_term_string\"}}],\"inLanguage\":\"en-US\"},{\"@type\":\"Organization\",\"@id\":\"https:\/\/www.pachamamacuscoexplorers.com\/#organization\",\"name\":\"Pachamama Cusco Explorers\",\"url\":\"https:\/\/www.pachamamacuscoexplorers.com\/\",\"logo\":{\"@type\":\"ImageObject\",\"inLanguage\":\"en-US\",\"@id\":\"https:\/\/www.pachamamacuscoexplorers.com\/#\/schema\/logo\/image\/\",\"url\":\"https:\/\/www.pachamamacuscoexplorer.com\/wp-content\/uploads\/2024\/05\/logo-pachamama.png\",\"contentUrl\":\"https:\/\/www.pachamamacuscoexplorer.com\/wp-content\/uploads\/2024\/05\/logo-pachamama.png\",\"width\":243,\"height\":205,\"caption\":\"Pachamama Cusco Explorers\"},\"image\":{\"@id\":\"https:\/\/www.pachamamacuscoexplorers.com\/#\/schema\/logo\/image\/\"}}]}<\/script>\n<!-- \/ Yoast SEO plugin. -->","yoast_head_json":{"title":"Cusco + Valle Sagrado + Machupicchu - Pachamama Cusco Explorers","robots":{"index":"index","follow":"follow","max-snippet":"max-snippet:-1","max-image-preview":"max-image-preview:large","max-video-preview":"max-video-preview:-1"},"canonical":"https:\/\/www.pachamamacuscoexplorers.com\/cusco-valle-sagrado-machupicchu\/","og_locale":"en_US","og_type":"article","og_title":"Cusco + Valle Sagrado + Machupicchu - Pachamama Cusco Explorers","og_description":"CUSCO + VALLE SAGRADO + MACHUPICCHU Cusco + Valle Sagrado + Machupicchu Prep\u00e1rate para una aventura emocionante en Cusco, el coraz\u00f3n del antiguo Imperio Inca. El tour m\u00e1s completo, visitaras lugares memorables, hist\u00f3ricamente trascendentes, de la mano de un profesional conocer\u00e1s acerca de nuestra cultura viva recorriendo la ciudad imperial de Cusco, la ruta del [&hellip;]","og_url":"https:\/\/www.pachamamacuscoexplorers.com\/cusco-valle-sagrado-machupicchu\/","og_site_name":"Pachamama Cusco Explorers","article_modified_time":"2024-08-19T16:50:46+00:00","og_image":[{"url":"https:\/\/www.pachamamacuscoexplorers.com\/wp-content\/uploads\/2024\/06\/machupicchu5.jpg","type":"","width":"","height":""}],"twitter_card":"summary_large_image","twitter_misc":{"Est. reading time":"3 minutes"},"schema":{"@context":"https:\/\/schema.org","@graph":[{"@type":"WebPage","@id":"https:\/\/www.pachamamacuscoexplorers.com\/cusco-valle-sagrado-machupicchu\/","url":"https:\/\/www.pachamamacuscoexplorers.com\/cusco-valle-sagrado-machupicchu\/","name":"Cusco + Valle Sagrado + Machupicchu - Pachamama Cusco Explorers","isPartOf":{"@id":"https:\/\/www.pachamamacuscoexplorers.com\/#website"},"primaryImageOfPage":{"@id":"https:\/\/www.pachamamacuscoexplorers.com\/cusco-valle-sagrado-machupicchu\/#primaryimage"},"image":{"@id":"https:\/\/www.pachamamacuscoexplorers.com\/cusco-valle-sagrado-machupicchu\/#primaryimage"},"thumbnailUrl":"https:\/\/www.pachamamacuscoexplorer.com\/wp-content\/uploads\/2024\/06\/machupicchu5.jpg","datePublished":"2024-06-16T08:06:20+00:00","dateModified":"2024-08-19T16:50:46+00:00","breadcrumb":{"@id":"https:\/\/www.pachamamacuscoexplorers.com\/cusco-valle-sagrado-machupicchu\/#breadcrumb"},"inLanguage":"en-US","potentialAction":[{"@type":"ReadAction","target":["https:\/\/www.pachamamacuscoexplorers.com\/cusco-valle-sagrado-machupicchu\/"]}]},{"@type":"ImageObject","inLanguage":"en-US","@id":"https:\/\/www.pachamamacuscoexplorers.com\/cusco-valle-sagrado-machupicchu\/#primaryimage","url":"https:\/\/www.pachamamacuscoexplorer.com\/wp-content\/uploads\/2024\/06\/machupicchu5.jpg","contentUrl":"https:\/\/www.pachamamacuscoexplorer.com\/wp-content\/uploads\/2024\/06\/machupicchu5.jpg"},{"@type":"BreadcrumbList","@id":"https:\/\/www.pachamamacuscoexplorers.com\/cusco-valle-sagrado-machupicchu\/#breadcrumb","itemListElement":[{"@type":"ListItem","position":1,"name":"Inicio","item":"https:\/\/www.pachamamacuscoexplorers.com\/"},{"@type":"ListItem","position":2,"name":"Cusco + Valle Sagrado + Machupicchu"}]},{"@type":"WebSite","@id":"https:\/\/www.pachamamacuscoexplorers.com\/#website","url":"https:\/\/www.pachamamacuscoexplorers.com\/","name":"Pachamama Cusco Explorers","description":"En Pachamama Explorers nuestro prop\u00f3sito es que conozcas nuestra tierra, disfruta de la diversidad que ofrece los andes peruanos y te enamores de nuestra cultura","publisher":{"@id":"https:\/\/www.pachamamacuscoexplorers.com\/#organization"},"potentialAction":[{"@type":"SearchAction","target":{"@type":"EntryPoint","urlTemplate":"https:\/\/www.pachamamacuscoexplorers.com\/?s={search_term_string}"},"query-input":{"@type":"PropertyValueSpecification","valueRequired":true,"valueName":"search_term_string"}}],"inLanguage":"en-US"},{"@type":"Organization","@id":"https:\/\/www.pachamamacuscoexplorers.com\/#organization","name":"Pachamama Cusco Explorers","url":"https:\/\/www.pachamamacuscoexplorers.com\/","logo":{"@type":"ImageObject","inLanguage":"en-US","@id":"https:\/\/www.pachamamacuscoexplorers.com\/#\/schema\/logo\/image\/","url":"https:\/\/www.pachamamacuscoexplorer.com\/wp-content\/uploads\/2024\/05\/logo-pachamama.png","contentUrl":"https:\/\/www.pachamamacuscoexplorer.com\/wp-content\/uploads\/2024\/05\/logo-pachamama.png","width":243,"height":205,"caption":"Pachamama Cusco Explorers"},"image":{"@id":"https:\/\/www.pachamamacuscoexplorers.com\/#\/schema\/logo\/image\/"}}]}},"_links":{"self":[{"href":"https:\/\/www.pachamamacuscoexplorer.com\/en\/wp-json\/wp\/v2\/pages\/1009","targetHints":{"allow":["GET"]}}],"collection":[{"href":"https:\/\/www.pachamamacuscoexplorer.com\/en\/wp-json\/wp\/v2\/pages"}],"about":[{"href":"https:\/\/www.pachamamacuscoexplorer.com\/en\/wp-json\/wp\/v2\/types\/page"}],"author":[{"embeddable":true,"href":"https:\/\/www.pachamamacuscoexplorer.com\/en\/wp-json\/wp\/v2\/users\/3"}],"replies":[{"embeddable":true,"href":"https:\/\/www.pachamamacuscoexplorer.com\/en\/wp-json\/wp\/v2\/comments?post=1009"}],"version-history":[{"count":7,"href":"https:\/\/www.pachamamacuscoexplorer.com\/en\/wp-json\/wp\/v2\/pages\/1009\/revisions"}],"predecessor-version":[{"id":1329,"href":"https:\/\/www.pachamamacuscoexplorer.com\/en\/wp-json\/wp\/v2\/pages\/1009\/revisions\/1329"}],"wp:attachment":[{"href":"https:\/\/www.pachamamacuscoexplorer.com\/en\/wp-json\/wp\/v2\/media?parent=1009"}],"curies":[{"name":"wp","href":"https:\/\/api.w.org\/{rel}","templated":true}]}}